{"id":1278,"date":"2019-02-26T17:44:35","date_gmt":"2019-02-26T15:44:35","guid":{"rendered":"http:\/\/www.rr-film.at\/?page_id=1278"},"modified":"2025-05-19T23:07:19","modified_gmt":"2025-05-19T21:07:19","slug":"kinderzauber-mit-dem-zusatzprogramm-einer-pantomimin","status":"publish","type":"page","link":"https:\/\/rr-film.at\/?page_id=1278&lang=de","title":{"rendered":"\u201eKinderzauber\u201c mit dem Zusatzprogramm einer Pantomimin"},"content":{"rendered":"\n<p class=\"has-vivid-red-color has-text-color has-medium-font-size\"><strong>\u201eKinderzauber\u201c von Ruth Rieser<br> mit dem Zusatzprogramm einer Pantomimin<\/strong><\/p>\n\n\n\n<p>f\u00fcr ALLE Kinder<br>aus ALLEN L\u00e4ndern dieser Welt<\/p>\n\n\n\n<p>Dieses Programm st\u00e4rkt das Selbstbewusstsein und die Kreativit\u00e4t der Kinder und wirkt auf Kinder sozial verbindend, unabh\u00e4ngig welcher Sprache oder Religion sie angeh\u00f6ren.<\/p>\n\n\n\n<p>Das Programm wird Kinderg\u00e4rten, Volksschulen und Kulturorten angeboten und l\u00e4uft u.a. auch auf Anfrage im Wiener Votivkino: &#8222;Kino macht Schule&#8220;<\/p>\n\n\n\n<p>Im Spielfilm er\u00f6ffnet uns der weltber\u00fchmte <strong>Samy Molcho<\/strong> als Pantomime  die Magie der Stille. <br>Vor und im Anschluss der Filmvorf\u00fchrung l\u00e4dt <strong>eine Pantomimin<\/strong> die Kinder ein, gemeinsam die &#8222;Kunst der Stille&#8220;, die Welt der unbegrenzten Fantasie zu entdecken und in Bewegungsfreude kreativ Ausdruck zu verleihen.<\/p>\n\n\n\n<p>Gesamtzeit der Veranstaltung: ca. 90 min. (Filml\u00e4nge 71 min., Pantomime ca. 20 min.)<br> Empfohlen  f\u00fcr Kinder im Alter von 3 bis 10 Jahre; FSK Freigabe: 0<br> Ein DVD Spieler wird ben\u00f6tigt<br> Untertitel zur Auswahl in Deutsch, Englisch oder Franz\u00f6sisch<br><\/p>\n\n\n<div class=\"wp-block-image\">\n<figure class=\"alignleft is-resized\"><a href=\"http:\/\/www.rr-film.at\/wp-content\/uploads\/Kinderzauber-mit-dem-Zusatzprogarmm-einer-Pantomimin-Folder.pdf\"><img loading=\"lazy\" decoding=\"async\" width=\"200\" height=\"200\" src=\"http:\/\/www.rr-film.at\/wp-content\/uploads\/Kinderzauber_Folfer.jpg\" alt=\"\" class=\"wp-image-937\" style=\"width:150px;height:150px\"\/><\/a><\/figure>\n<\/div>\n\n\n<p><br><br><br><br><br><strong><a href=\"http:\/\/www.rr-film.at\/wp-content\/uploads\/Kinderzauber-mit-dem-Zusatzprogarmm-einer-Pantomimin-Folder.pdf\">Folder<\/a><\/strong><br><br><\/p>\n\n\n\n<p><strong>\u201eKinderzauber\u201c &#8211; \u201eThe Magic of Children\u201c &#8211;  \u00abEnfants et Merveilles\u00bb       <\/strong>                                                                                                                                                                                                               Der Spielfilm folgte vielfachen Einladungen von internationalen Filmfestivals und \u00d6st. Kulturforen und wurde bisher pr\u00e4sentiert in: \u00d6sterreich, Belgien, Vereinigte Arabische Emirate, Indien, Armenien, Vereinigte Staaten-Kalifornien, Israel, Indonesien, Kroatien, Republik Sudan, \u00c4gypten.<\/p>\n\n\n\n<hr class=\"wp-block-separator has-css-opacity\"\/>\n\n\n<div class=\"wp-block-image\">\n<figure class=\"alignleft is-resized\"><img loading=\"lazy\" decoding=\"async\" width=\"427\" height=\"427\" src=\"http:\/\/www.rr-film.at\/wp-content\/uploads\/De-Meo.jpg\" alt=\"\" class=\"wp-image-1297\" style=\"width:150px;height:150px\" srcset=\"https:\/\/rr-film.at\/wp-content\/uploads\/De-Meo.jpg 427w, https:\/\/rr-film.at\/wp-content\/uploads\/De-Meo-300x300.jpg 300w\" sizes=\"auto, (max-width: 427px) 100vw, 427px\" \/><\/figure>\n<\/div>\n\n\n<p><br><br><strong>Mariana De Meo<\/strong><br>Pantomimin und Schauspielerin<br><br><br><\/p>\n\n\n\n<hr class=\"wp-block-separator has-css-opacity\"\/>\n\n\n\n<p>Mariana De Meo, geboren in Bulgarien, begann bereits mit 14 Jahren als Pantomimin aufzutreten und nahm an einigen Tourneen in Italien teil.&nbsp;<br> Nach dem Schulabschluss studierte sie vier Jahre an der \u201eKrastyo Sarafov\u201c (\u201eAkademie f\u00fcr Theater und Filmkunst&#8220;) in Sofia.&nbsp;<br> Nach dem Abschluss 1995 arbeitete sie als Schauspielerin am Theater \u201eSofia\u201c und am \u201eDarjaven patuvasht teater\u201d und unterrichtete als Pantomimin an Schauspielschulen in Sofia. 2002 gr\u00fcndete sie den Verein \u201cShtedro sarce\u201d(\u201eGro\u00dfz\u00fcgiges Herz\u201c) in Bulgarien und arbeitete bis zur Schlie\u00dfung als Gesch\u00e4ftsf\u00fchrerin.<br> 2008 und 2010 wurden ihre T\u00f6chter geboren; Umzug 2013 mit ihrem Mann und den T\u00f6chtern nach Wien.<br> Seit 2015 unterrichtet sie an Wiener Schulen, in Kinderg\u00e4rten und VHS die Kunst der Pantomime und entwickelt seit 2016 im \u201eLyc\u00e9e fran\u00e7ais\u201c mit Volksschulklassen ein Pantomimeprojekt mit allj\u00e4hrlichen Auff\u00fchrungen.<br> 2018 Gr\u00fcndung des Kulturvereins \u201eNeo &amp; De Meo\u201c.<\/p>\n\n\n\n<hr class=\"wp-block-separator has-css-opacity\"\/>\n\n\n<div class=\"wp-block-image\">\n<figure class=\"alignleft is-resized\"><img loading=\"lazy\" decoding=\"async\" width=\"427\" height=\"427\" src=\"http:\/\/www.rr-film.at\/wp-content\/uploads\/Mitterhuber.jpg\" alt=\"\" class=\"wp-image-1298\" style=\"width:150px;height:150px\" srcset=\"https:\/\/rr-film.at\/wp-content\/uploads\/Mitterhuber.jpg 427w, https:\/\/rr-film.at\/wp-content\/uploads\/Mitterhuber-300x300.jpg 300w\" sizes=\"auto, (max-width: 427px) 100vw, 427px\" \/><\/figure>\n<\/div>\n\n\n<p><br><br><strong>Susanne Mitterhuber<\/strong><br> Pantomimin, Clownin<br> Theaterp\u00e4dagogin und Trainerin<br><br><\/p>\n\n\n\n<hr class=\"wp-block-separator has-css-opacity\"\/>\n\n\n\n<p>Mag.a Susanne Mitterhuber wurde in Ober\u00f6sterreich geboren. Nach dem Studium der Kultur- und Sozialantropologie an der Universit\u00e4t Wien und ersten Erfahrungen im Kulturmanagement f\u00fchrten sie die Begeisterung f\u00fcrs Theater zur Ausbildung zur Theaterp\u00e4dagogin BuT ans OFF Theater in Neuss. Seither ist sie als Theaterp\u00e4dagogin und Trainerin in unterschiedlichsten Kontexten t\u00e4tig. Die Kunst der Pantomime, des K\u00f6rpertheaters und der Clownerie vertieft sie im regelm\u00e4\u00dfigen Training bei Willi Gansch, in Wien. 2013 widmete sie sich intensiv dem Studium der Clownerie an der Escuela de Clown bei Eric de Bont in Menorca.<br> Seit 2009 Mitglied des SOG Theaters in Wiener Neustadt, zeichnet sie neben dem Schauspiel im SOG playback Ensemble f\u00fcr die St\u00fcckentwicklung und Regie zahlreicher Eigenproduktionen mit Schwerpunkt Museumstheater, Gewaltpr\u00e4vention und Erinnerungstheater verantwortlich. <br> Im Rahmen der Schauspielt\u00e4tigkeit f\u00fcr die St\u00fccke \u201eMein K\u00f6rper geh\u00f6rt mir\u201c und \u201eDie gro\u00dfe Nein-Tonne\u201c vermittelte sie von 2010 bis 2013 Kindergarten- und Volksschulkindern ihre Rechte am eigenen K\u00f6rper.<br> Ausgew\u00e4hlte Produktionen: Die Schutt*tr\u00e4umerinnen, WaWa popupstop, Fliegenfischen oder Herr Bert und der Fetzenfisch, Macht und Mitgift.<\/p>\n\n\n\n<hr class=\"wp-block-separator has-css-opacity\"\/>\n\n\n<div class=\"wp-block-image\">\n<figure class=\"alignleft is-resized\"><img loading=\"lazy\" decoding=\"async\" width=\"427\" height=\"427\" src=\"http:\/\/www.rr-film.at\/wp-content\/uploads\/Kirchner.jpg\" alt=\"\" class=\"wp-image-1299\" style=\"width:150px;height:150px\" srcset=\"https:\/\/rr-film.at\/wp-content\/uploads\/Kirchner.jpg 427w, https:\/\/rr-film.at\/wp-content\/uploads\/Kirchner-300x300.jpg 300w\" sizes=\"auto, (max-width: 427px) 100vw, 427px\" \/><\/figure>\n<\/div>\n\n\n<p><br><br><strong>Barbara Kirchner <\/strong><br> PR Agentur &amp; K\u00fcnstlerbetreuung<br><br><br><\/p>\n\n\n\n<hr class=\"wp-block-separator has-css-opacity\"\/>\n\n\n\n<p>Die geb\u00fcrtige Hamburgerin lebt seit 1990 in Wien. Zehn Jahre lang war sie pers\u00f6nliche Assistentin von Kinderbuchautor Thomas Brezina, danach freiberufliche in PR-Agenturen t\u00e4tig und \u00fcbernahm die pers\u00f6nliche Betreuung von K\u00fcnstlerInnen.<br> Zus\u00e4tzlich betreute sie seit 2008 Organisationen und G\u00e4ste bei gro\u00dfen Events,  z.B. KURIER ROMY, NESTROY-Theaterpreis <br> www.barbara-kirchner.at<\/p>\n\n\n\n<p><\/p>\n","protected":false},"excerpt":{"rendered":"<p>\u201eKinderzauber\u201c von Ruth Rieser mit dem Zusatzprogramm einer Pantomimin f\u00fcr ALLE Kinderaus ALLEN L\u00e4ndern dieser Welt Dieses Programm st\u00e4rkt das Selbstbewusstsein und die Kreativit\u00e4t der Kinder und wirkt auf Kinder sozial verbindend, unabh\u00e4ngig welcher Sprache oder Religion sie angeh\u00f6ren. Das Programm wird Kinderg\u00e4rten, Volksschulen und Kulturorten angeboten und l\u00e4uft u.a. auch auf Anfrage im Wiener [&hellip;]<\/p>\n","protected":false},"author":2,"featured_media":451,"parent":0,"menu_order":0,"comment_status":"closed","ping_status":"closed","template":"templates\/template-home.php","meta":{"footnotes":""},"class_list":["post-1278","page","type-page","status-publish","has-post-thumbnail","hentry"],"yoast_head":"<!-- This site is optimized with the Yoast SEO plugin v23.8 - https:\/\/yoast.com\/wordpress\/plugins\/seo\/ -->\n<title>\u201eKinderzauber\u201c mit dem Zusatzprogramm einer Pantomimin - RR* Filmproduktion<\/title>\n<meta name=\"robots\" content=\"index, follow, max-snippet:-1, max-image-preview:large, max-video-preview:-1\" \/>\n<link rel=\"canonical\" href=\"https:\/\/rr-film.at\/?page_id=1278&lang=de\" \/>\n<meta property=\"og:locale\" content=\"de_DE\" \/>\n<meta property=\"og:type\" content=\"article\" \/>\n<meta property=\"og:title\" content=\"\u201eKinderzauber\u201c mit dem Zusatzprogramm einer Pantomimin - RR* Filmproduktion\" \/>\n<meta property=\"og:description\" content=\"\u201eKinderzauber\u201c von Ruth Rieser mit dem Zusatzprogramm einer Pantomimin f\u00fcr ALLE Kinderaus ALLEN L\u00e4ndern dieser Welt Dieses Programm st\u00e4rkt das Selbstbewusstsein und die Kreativit\u00e4t der Kinder und wirkt auf Kinder sozial verbindend, unabh\u00e4ngig welcher Sprache oder Religion sie angeh\u00f6ren. Das Programm wird Kinderg\u00e4rten, Volksschulen und Kulturorten angeboten und l\u00e4uft u.a. auch auf Anfrage im Wiener [&hellip;]\" \/>\n<meta property=\"og:url\" content=\"https:\/\/rr-film.at\/?page_id=1278&amp;lang=de\" \/>\n<meta property=\"og:site_name\" content=\"RR* Filmproduktion\" \/>\n<meta property=\"article:modified_time\" content=\"2025-05-19T21:07:19+00:00\" \/>\n<meta property=\"og:image\" content=\"https:\/\/rr-film.at\/wp-content\/uploads\/Kinder_01_1040_400.jpg\" \/>\n\t<meta property=\"og:image:width\" content=\"1040\" \/>\n\t<meta property=\"og:image:height\" content=\"400\" \/>\n\t<meta property=\"og:image:type\" content=\"image\/jpeg\" \/>\n<meta name=\"twitter:card\" content=\"summary_large_image\" \/>\n<meta name=\"twitter:label1\" content=\"Gesch\u00e4tzte Lesezeit\" \/>\n\t<meta name=\"twitter:data1\" content=\"5\u00a0Minuten\" \/>\n<script type=\"application\/ld+json\" class=\"yoast-schema-graph\">{\"@context\":\"https:\/\/schema.org\",\"@graph\":[{\"@type\":\"WebPage\",\"@id\":\"https:\/\/rr-film.at\/?page_id=1278&lang=de\",\"url\":\"https:\/\/rr-film.at\/?page_id=1278&lang=de\",\"name\":\"\u201eKinderzauber\u201c mit dem Zusatzprogramm einer Pantomimin - RR* Filmproduktion\",\"isPartOf\":{\"@id\":\"https:\/\/rr-film.at\/#website\"},\"primaryImageOfPage\":{\"@id\":\"https:\/\/rr-film.at\/?page_id=1278&lang=de#primaryimage\"},\"image\":{\"@id\":\"https:\/\/rr-film.at\/?page_id=1278&lang=de#primaryimage\"},\"thumbnailUrl\":\"https:\/\/rr-film.at\/wp-content\/uploads\/Kinder_01_1040_400.jpg\",\"datePublished\":\"2019-02-26T15:44:35+00:00\",\"dateModified\":\"2025-05-19T21:07:19+00:00\",\"breadcrumb\":{\"@id\":\"https:\/\/rr-film.at\/?page_id=1278&lang=de#breadcrumb\"},\"inLanguage\":\"de\",\"potentialAction\":[{\"@type\":\"ReadAction\",\"target\":[\"https:\/\/rr-film.at\/?page_id=1278&lang=de\"]}]},{\"@type\":\"ImageObject\",\"inLanguage\":\"de\",\"@id\":\"https:\/\/rr-film.at\/?page_id=1278&lang=de#primaryimage\",\"url\":\"https:\/\/rr-film.at\/wp-content\/uploads\/Kinder_01_1040_400.jpg\",\"contentUrl\":\"https:\/\/rr-film.at\/wp-content\/uploads\/Kinder_01_1040_400.jpg\",\"width\":1040,\"height\":400},{\"@type\":\"BreadcrumbList\",\"@id\":\"https:\/\/rr-film.at\/?page_id=1278&lang=de#breadcrumb\",\"itemListElement\":[{\"@type\":\"ListItem\",\"position\":1,\"name\":\"Startseite\",\"item\":\"https:\/\/rr-film.at\/?page_id=423&lang=de\"},{\"@type\":\"ListItem\",\"position\":2,\"name\":\"\u201eKinderzauber\u201c mit dem Zusatzprogramm einer Pantomimin\"}]},{\"@type\":\"WebSite\",\"@id\":\"https:\/\/rr-film.at\/#website\",\"url\":\"https:\/\/rr-film.at\/\",\"name\":\"RR* Filmproduktion\",\"description\":\"Filme f\u00fcr all jenen Menschen, die ihren Tr\u00e4umen folgen, und die Kraft des Geistes nutzen, um sich ein erf\u00fclltes Leben zu erm\u00f6glichen\",\"potentialAction\":[{\"@type\":\"SearchAction\",\"target\":{\"@type\":\"EntryPoint\",\"urlTemplate\":\"https:\/\/rr-film.at\/?s={search_term_string}\"},\"query-input\":{\"@type\":\"PropertyValueSpecification\",\"valueRequired\":true,\"valueName\":\"search_term_string\"}}],\"inLanguage\":\"de\"}]}<\/script>\n<!-- \/ Yoast SEO plugin. -->","yoast_head_json":{"title":"\u201eKinderzauber\u201c mit dem Zusatzprogramm einer Pantomimin - RR* Filmproduktion","robots":{"index":"index","follow":"follow","max-snippet":"max-snippet:-1","max-image-preview":"max-image-preview:large","max-video-preview":"max-video-preview:-1"},"canonical":"https:\/\/rr-film.at\/?page_id=1278&lang=de","og_locale":"de_DE","og_type":"article","og_title":"\u201eKinderzauber\u201c mit dem Zusatzprogramm einer Pantomimin - RR* Filmproduktion","og_description":"\u201eKinderzauber\u201c von Ruth Rieser mit dem Zusatzprogramm einer Pantomimin f\u00fcr ALLE Kinderaus ALLEN L\u00e4ndern dieser Welt Dieses Programm st\u00e4rkt das Selbstbewusstsein und die Kreativit\u00e4t der Kinder und wirkt auf Kinder sozial verbindend, unabh\u00e4ngig welcher Sprache oder Religion sie angeh\u00f6ren. Das Programm wird Kinderg\u00e4rten, Volksschulen und Kulturorten angeboten und l\u00e4uft u.a. auch auf Anfrage im Wiener [&hellip;]","og_url":"https:\/\/rr-film.at\/?page_id=1278&lang=de","og_site_name":"RR* Filmproduktion","article_modified_time":"2025-05-19T21:07:19+00:00","og_image":[{"width":1040,"height":400,"url":"https:\/\/rr-film.at\/wp-content\/uploads\/Kinder_01_1040_400.jpg","type":"image\/jpeg"}],"twitter_card":"summary_large_image","twitter_misc":{"Gesch\u00e4tzte Lesezeit":"5\u00a0Minuten"},"schema":{"@context":"https:\/\/schema.org","@graph":[{"@type":"WebPage","@id":"https:\/\/rr-film.at\/?page_id=1278&lang=de","url":"https:\/\/rr-film.at\/?page_id=1278&lang=de","name":"\u201eKinderzauber\u201c mit dem Zusatzprogramm einer Pantomimin - RR* Filmproduktion","isPartOf":{"@id":"https:\/\/rr-film.at\/#website"},"primaryImageOfPage":{"@id":"https:\/\/rr-film.at\/?page_id=1278&lang=de#primaryimage"},"image":{"@id":"https:\/\/rr-film.at\/?page_id=1278&lang=de#primaryimage"},"thumbnailUrl":"https:\/\/rr-film.at\/wp-content\/uploads\/Kinder_01_1040_400.jpg","datePublished":"2019-02-26T15:44:35+00:00","dateModified":"2025-05-19T21:07:19+00:00","breadcrumb":{"@id":"https:\/\/rr-film.at\/?page_id=1278&lang=de#breadcrumb"},"inLanguage":"de","potentialAction":[{"@type":"ReadAction","target":["https:\/\/rr-film.at\/?page_id=1278&lang=de"]}]},{"@type":"ImageObject","inLanguage":"de","@id":"https:\/\/rr-film.at\/?page_id=1278&lang=de#primaryimage","url":"https:\/\/rr-film.at\/wp-content\/uploads\/Kinder_01_1040_400.jpg","contentUrl":"https:\/\/rr-film.at\/wp-content\/uploads\/Kinder_01_1040_400.jpg","width":1040,"height":400},{"@type":"BreadcrumbList","@id":"https:\/\/rr-film.at\/?page_id=1278&lang=de#breadcrumb","itemListElement":[{"@type":"ListItem","position":1,"name":"Startseite","item":"https:\/\/rr-film.at\/?page_id=423&lang=de"},{"@type":"ListItem","position":2,"name":"\u201eKinderzauber\u201c mit dem Zusatzprogramm einer Pantomimin"}]},{"@type":"WebSite","@id":"https:\/\/rr-film.at\/#website","url":"https:\/\/rr-film.at\/","name":"RR* Filmproduktion","description":"Filme f\u00fcr all jenen Menschen, die ihren Tr\u00e4umen folgen, und die Kraft des Geistes nutzen, um sich ein erf\u00fclltes Leben zu erm\u00f6glichen","potentialAction":[{"@type":"SearchAction","target":{"@type":"EntryPoint","urlTemplate":"https:\/\/rr-film.at\/?s={search_term_string}"},"query-input":{"@type":"PropertyValueSpecification","valueRequired":true,"valueName":"search_term_string"}}],"inLanguage":"de"}]}},"_links":{"self":[{"href":"https:\/\/rr-film.at\/index.php?rest_route=\/wp\/v2\/pages\/1278","targetHints":{"allow":["GET"]}}],"collection":[{"href":"https:\/\/rr-film.at\/index.php?rest_route=\/wp\/v2\/pages"}],"about":[{"href":"https:\/\/rr-film.at\/index.php?rest_route=\/wp\/v2\/types\/page"}],"author":[{"embeddable":true,"href":"https:\/\/rr-film.at\/index.php?rest_route=\/wp\/v2\/users\/2"}],"replies":[{"embeddable":true,"href":"https:\/\/rr-film.at\/index.php?rest_route=%2Fwp%2Fv2%2Fcomments&post=1278"}],"version-history":[{"count":28,"href":"https:\/\/rr-film.at\/index.php?rest_route=\/wp\/v2\/pages\/1278\/revisions"}],"predecessor-version":[{"id":1951,"href":"https:\/\/rr-film.at\/index.php?rest_route=\/wp\/v2\/pages\/1278\/revisions\/1951"}],"wp:featuredmedia":[{"embeddable":true,"href":"https:\/\/rr-film.at\/index.php?rest_route=\/wp\/v2\/media\/451"}],"wp:attachment":[{"href":"https:\/\/rr-film.at\/index.php?rest_route=%2Fwp%2Fv2%2Fmedia&parent=1278"}],"curies":[{"name":"wp","href":"https:\/\/api.w.org\/{rel}","templated":true}]}}