{"id":431,"date":"2016-05-14T17:27:06","date_gmt":"2016-05-14T15:27:06","guid":{"rendered":"http:\/\/www.rr-film.at\/?page_id=431"},"modified":"2025-10-31T18:34:40","modified_gmt":"2025-10-31T16:34:40","slug":"ruth-rieser","status":"publish","type":"page","link":"https:\/\/rr-film.at\/?page_id=431&lang=de","title":{"rendered":"Ruth Rieser"},"content":{"rendered":"<p><strong>Filmemacherin,\u00a0 Drehbuchautorin, Schauspielerin und Produzentin<\/strong><\/p>\n<p>Candango-Preistr\u00e4gerin: Brasilia Film Festival 2003, \u201eBeste Schauspielerin\u201c<br \/>\nAkademie ROMY 2017 \u201eBester Kino Dokumentarfilm 2017\u201c<\/p>\n<p><img loading=\"lazy\" decoding=\"async\" class=\"alignright wp-image-1205 size-full\" title=\"Fotos: Robert Newald\" src=\"http:\/\/www.rr-film.at\/wp-content\/uploads\/rr_2018.jpg\" alt=\"\" width=\"250\" height=\"375\" \/><\/p>\n<div><\/div>\n<div class=\"\"><strong class=\"\" data-ogsc=\"rgb(68, 68, 68)\">Website Schauspielerin<\/strong><\/div>\n<div class=\"\"><span class=\"\" style=\"font-family: 'Helvetica Neue', Helvetica, Arial, sans-serif; color: #000000;\"><span class=\"\"><a class=\"\" style=\"color: #000000;\" title=\"https:\/\/www.filmmakers.eu\/de\/actors\/ruth-rieser\" href=\"https:\/\/www.filmmakers.eu\/de\/actors\/ruth-rieser\" data-noir-inline-color=\"\">https:\/\/www.filmmakers.eu\/de\/actors\/ruth-rieser<\/a><\/span><\/span><\/div>\n<div class=\"\"><span class=\"\" style=\"color: #000000;\"><a class=\"\" style=\"color: #000000;\" title=\"http:\/\/www.ruthrieser.net\/\" href=\"http:\/\/www.ruthrieser.net\/\" data-noir-inline-color=\"\"><span class=\"\" data-ogsc=\"\" data-ogac=\"#000000\">www.ruthrieser.net<\/span><\/a><\/span><\/div>\n<div><\/div>\n<div><\/div>\n<p><strong>Ausbildung<\/strong><br \/>\nMatura<br \/>\nMozarteum Salzburg<br \/>\nMax-Reinhardt-Seminar (Diplom 1989)<br \/>\n\u00c9cole Superieure d\u2019Art Dramatique de Th\u00e9atre National de Strasbourg 1990<\/p>\n<p>Studium der Theaterwissenschaft an der Universit\u00e4t Wien,<\/p>\n<p>Mag. art.<\/p>\n<p>\u201eLibero Canto Szamosi\u201c, Ausbildung zur Lehrerin f\u00fcr Sprechen und Stimme<\/p>\n<p><strong>Kino-Hauptrollen<\/strong> (Auswahl)<br \/>\nLost Zweig (Brasilien, Regie: Sylvio Back)<br \/>\nGeb\u00fcrtig (\u00d6sterreich\/Deutschland\/Polen Regie: Lukas Stepanik und Robert Schindel)<br \/>\nDie Joseftrilogie, Teil 2 (\u00d6sterreich, Regie: Thomas Woschitz)<\/p>\n<p><strong>Fernsehen<\/strong> (Auswahl)<br \/>\nFernsehfilme, Reihen und Serien f\u00fcr ORF, ZDF, Sat 1, RTL,<br \/>\ndarunter \u201eTatort\u201c, \u201eSchnell ermittelt\u201c und \u201eKommissar Rex\u201c<\/p>\n<p><strong>Theater<\/strong> (Auswahl)<br \/>\nHauptrollen am Stadttheater Klagenfurt,<br \/>\nam Staatstheater Stuttgart, am Theater in der Josefstadt<\/p>\n<p><em><strong>Drehbuch und Regie<\/strong><\/em><br \/>\n\u201e<strong>du<\/strong> und <strong>ich<\/strong>\u201c<br \/>\nKinodokumentarfilm<\/p>\n<p><strong><em>Drehbuch, Regie und Produktion<br \/>\n<\/em><\/strong>Gr\u00fcndung der <strong>RR*<\/strong> Filmproduktion<\/p>\n<p><strong>-\u201ePeter Turrini. <\/strong>R\u00dcCKKEHR AN MEINEN AUSGANGSPUNKT<strong>\u201c<\/strong><br \/>\nKinodokumentarfilm<\/p>\n<p><strong>-\u201eKinderzauber\u201c <\/strong><br \/>\nKinospielfilm<\/p>\n<p><strong>&#8222;Auslegung der Wirklichkeit &#8211; Georg Stefan Troller&#8220;<\/strong><br \/>\nKinodokumentarfilm<\/p>\n<p><strong>Pers\u00f6nliches<\/strong><br \/>\nwurde im Jahr 2003 Mutter eines Sohnes<\/p>\n","protected":false},"excerpt":{"rendered":"<p>Filmemacherin,\u00a0 Drehbuchautorin, Schauspielerin und Produzentin Candango-Preistr\u00e4gerin: Brasilia Film Festival 2003, \u201eBeste Schauspielerin\u201c Akademie ROMY 2017 \u201eBester Kino Dokumentarfilm 2017\u201c Website Schauspielerin https:\/\/www.filmmakers.eu\/de\/actors\/ruth-rieser www.ruthrieser.net Ausbildung Matura Mozarteum Salzburg Max-Reinhardt-Seminar (Diplom 1989) \u00c9cole Superieure d\u2019Art Dramatique de Th\u00e9atre National de Strasbourg 1990 Studium der Theaterwissenschaft an der Universit\u00e4t Wien, Mag. art. \u201eLibero Canto Szamosi\u201c, Ausbildung zur Lehrerin [&hellip;]<\/p>\n","protected":false},"author":2,"featured_media":1204,"parent":418,"menu_order":14,"comment_status":"closed","ping_status":"closed","template":"templates\/template-fullwidth.php","meta":{"footnotes":""},"class_list":["post-431","page","type-page","status-publish","has-post-thumbnail","hentry"],"yoast_head":"<!-- This site is optimized with the Yoast SEO plugin v23.8 - https:\/\/yoast.com\/wordpress\/plugins\/seo\/ -->\n<title>Ruth Rieser - RR* Filmproduktion<\/title>\n<meta name=\"robots\" content=\"index, follow, max-snippet:-1, max-image-preview:large, max-video-preview:-1\" \/>\n<link rel=\"canonical\" href=\"https:\/\/rr-film.at\/?page_id=431&lang=de\" \/>\n<meta property=\"og:locale\" content=\"de_DE\" \/>\n<meta property=\"og:type\" content=\"article\" \/>\n<meta property=\"og:title\" content=\"Ruth Rieser - RR* Filmproduktion\" \/>\n<meta property=\"og:description\" content=\"Filmemacherin,\u00a0 Drehbuchautorin, Schauspielerin und Produzentin Candango-Preistr\u00e4gerin: Brasilia Film Festival 2003, \u201eBeste Schauspielerin\u201c Akademie ROMY 2017 \u201eBester Kino Dokumentarfilm 2017\u201c Website Schauspielerin https:\/\/www.filmmakers.eu\/de\/actors\/ruth-rieser www.ruthrieser.net Ausbildung Matura Mozarteum Salzburg Max-Reinhardt-Seminar (Diplom 1989) \u00c9cole Superieure d\u2019Art Dramatique de Th\u00e9atre National de Strasbourg 1990 Studium der Theaterwissenschaft an der Universit\u00e4t Wien, Mag. art. \u201eLibero Canto Szamosi\u201c, Ausbildung zur Lehrerin [&hellip;]\" \/>\n<meta property=\"og:url\" content=\"https:\/\/rr-film.at\/?page_id=431&amp;lang=de\" \/>\n<meta property=\"og:site_name\" content=\"RR* Filmproduktion\" \/>\n<meta property=\"article:modified_time\" content=\"2025-10-31T16:34:40+00:00\" \/>\n<meta property=\"og:image\" content=\"https:\/\/rr-film.at\/wp-content\/uploads\/rr_schmal.jpg\" \/>\n\t<meta property=\"og:image:width\" content=\"1040\" \/>\n\t<meta property=\"og:image:height\" content=\"400\" \/>\n\t<meta property=\"og:image:type\" content=\"image\/jpeg\" \/>\n<meta name=\"twitter:card\" content=\"summary_large_image\" \/>\n<meta name=\"twitter:label1\" content=\"Gesch\u00e4tzte Lesezeit\" \/>\n\t<meta name=\"twitter:data1\" content=\"2\u00a0Minuten\" \/>\n<script type=\"application\/ld+json\" class=\"yoast-schema-graph\">{\"@context\":\"https:\/\/schema.org\",\"@graph\":[{\"@type\":\"WebPage\",\"@id\":\"https:\/\/rr-film.at\/?page_id=431&lang=de\",\"url\":\"https:\/\/rr-film.at\/?page_id=431&lang=de\",\"name\":\"Ruth Rieser - RR* Filmproduktion\",\"isPartOf\":{\"@id\":\"https:\/\/rr-film.at\/#website\"},\"primaryImageOfPage\":{\"@id\":\"https:\/\/rr-film.at\/?page_id=431&lang=de#primaryimage\"},\"image\":{\"@id\":\"https:\/\/rr-film.at\/?page_id=431&lang=de#primaryimage\"},\"thumbnailUrl\":\"https:\/\/rr-film.at\/wp-content\/uploads\/rr_schmal.jpg\",\"datePublished\":\"2016-05-14T15:27:06+00:00\",\"dateModified\":\"2025-10-31T16:34:40+00:00\",\"breadcrumb\":{\"@id\":\"https:\/\/rr-film.at\/?page_id=431&lang=de#breadcrumb\"},\"inLanguage\":\"de\",\"potentialAction\":[{\"@type\":\"ReadAction\",\"target\":[\"https:\/\/rr-film.at\/?page_id=431&lang=de\"]}]},{\"@type\":\"ImageObject\",\"inLanguage\":\"de\",\"@id\":\"https:\/\/rr-film.at\/?page_id=431&lang=de#primaryimage\",\"url\":\"https:\/\/rr-film.at\/wp-content\/uploads\/rr_schmal.jpg\",\"contentUrl\":\"https:\/\/rr-film.at\/wp-content\/uploads\/rr_schmal.jpg\",\"width\":1040,\"height\":400,\"caption\":\"Wien, Langegasse. Ruth RIESER, Schauspielerin, Filmemacherin;\"},{\"@type\":\"BreadcrumbList\",\"@id\":\"https:\/\/rr-film.at\/?page_id=431&lang=de#breadcrumb\",\"itemListElement\":[{\"@type\":\"ListItem\",\"position\":1,\"name\":\"Startseite\",\"item\":\"https:\/\/rr-film.at\/?page_id=423&lang=de\"},{\"@type\":\"ListItem\",\"position\":2,\"name\":\"RR* Filmproduktion\",\"item\":\"https:\/\/rr-film.at\/?page_id=418&lang=de\"},{\"@type\":\"ListItem\",\"position\":3,\"name\":\"Ruth Rieser\"}]},{\"@type\":\"WebSite\",\"@id\":\"https:\/\/rr-film.at\/#website\",\"url\":\"https:\/\/rr-film.at\/\",\"name\":\"RR* Filmproduktion\",\"description\":\"Filme f\u00fcr all jenen Menschen, die ihren Tr\u00e4umen folgen, und die Kraft des Geistes nutzen, um sich ein erf\u00fclltes Leben zu erm\u00f6glichen\",\"potentialAction\":[{\"@type\":\"SearchAction\",\"target\":{\"@type\":\"EntryPoint\",\"urlTemplate\":\"https:\/\/rr-film.at\/?s={search_term_string}\"},\"query-input\":{\"@type\":\"PropertyValueSpecification\",\"valueRequired\":true,\"valueName\":\"search_term_string\"}}],\"inLanguage\":\"de\"}]}<\/script>\n<!-- \/ Yoast SEO plugin. -->","yoast_head_json":{"title":"Ruth Rieser - RR* Filmproduktion","robots":{"index":"index","follow":"follow","max-snippet":"max-snippet:-1","max-image-preview":"max-image-preview:large","max-video-preview":"max-video-preview:-1"},"canonical":"https:\/\/rr-film.at\/?page_id=431&lang=de","og_locale":"de_DE","og_type":"article","og_title":"Ruth Rieser - RR* Filmproduktion","og_description":"Filmemacherin,\u00a0 Drehbuchautorin, Schauspielerin und Produzentin Candango-Preistr\u00e4gerin: Brasilia Film Festival 2003, \u201eBeste Schauspielerin\u201c Akademie ROMY 2017 \u201eBester Kino Dokumentarfilm 2017\u201c Website Schauspielerin https:\/\/www.filmmakers.eu\/de\/actors\/ruth-rieser www.ruthrieser.net Ausbildung Matura Mozarteum Salzburg Max-Reinhardt-Seminar (Diplom 1989) \u00c9cole Superieure d\u2019Art Dramatique de Th\u00e9atre National de Strasbourg 1990 Studium der Theaterwissenschaft an der Universit\u00e4t Wien, Mag. art. \u201eLibero Canto Szamosi\u201c, Ausbildung zur Lehrerin [&hellip;]","og_url":"https:\/\/rr-film.at\/?page_id=431&lang=de","og_site_name":"RR* Filmproduktion","article_modified_time":"2025-10-31T16:34:40+00:00","og_image":[{"width":1040,"height":400,"url":"https:\/\/rr-film.at\/wp-content\/uploads\/rr_schmal.jpg","type":"image\/jpeg"}],"twitter_card":"summary_large_image","twitter_misc":{"Gesch\u00e4tzte Lesezeit":"2\u00a0Minuten"},"schema":{"@context":"https:\/\/schema.org","@graph":[{"@type":"WebPage","@id":"https:\/\/rr-film.at\/?page_id=431&lang=de","url":"https:\/\/rr-film.at\/?page_id=431&lang=de","name":"Ruth Rieser - RR* Filmproduktion","isPartOf":{"@id":"https:\/\/rr-film.at\/#website"},"primaryImageOfPage":{"@id":"https:\/\/rr-film.at\/?page_id=431&lang=de#primaryimage"},"image":{"@id":"https:\/\/rr-film.at\/?page_id=431&lang=de#primaryimage"},"thumbnailUrl":"https:\/\/rr-film.at\/wp-content\/uploads\/rr_schmal.jpg","datePublished":"2016-05-14T15:27:06+00:00","dateModified":"2025-10-31T16:34:40+00:00","breadcrumb":{"@id":"https:\/\/rr-film.at\/?page_id=431&lang=de#breadcrumb"},"inLanguage":"de","potentialAction":[{"@type":"ReadAction","target":["https:\/\/rr-film.at\/?page_id=431&lang=de"]}]},{"@type":"ImageObject","inLanguage":"de","@id":"https:\/\/rr-film.at\/?page_id=431&lang=de#primaryimage","url":"https:\/\/rr-film.at\/wp-content\/uploads\/rr_schmal.jpg","contentUrl":"https:\/\/rr-film.at\/wp-content\/uploads\/rr_schmal.jpg","width":1040,"height":400,"caption":"Wien, Langegasse. Ruth RIESER, Schauspielerin, Filmemacherin;"},{"@type":"BreadcrumbList","@id":"https:\/\/rr-film.at\/?page_id=431&lang=de#breadcrumb","itemListElement":[{"@type":"ListItem","position":1,"name":"Startseite","item":"https:\/\/rr-film.at\/?page_id=423&lang=de"},{"@type":"ListItem","position":2,"name":"RR* Filmproduktion","item":"https:\/\/rr-film.at\/?page_id=418&lang=de"},{"@type":"ListItem","position":3,"name":"Ruth Rieser"}]},{"@type":"WebSite","@id":"https:\/\/rr-film.at\/#website","url":"https:\/\/rr-film.at\/","name":"RR* Filmproduktion","description":"Filme f\u00fcr all jenen Menschen, die ihren Tr\u00e4umen folgen, und die Kraft des Geistes nutzen, um sich ein erf\u00fclltes Leben zu erm\u00f6glichen","potentialAction":[{"@type":"SearchAction","target":{"@type":"EntryPoint","urlTemplate":"https:\/\/rr-film.at\/?s={search_term_string}"},"query-input":{"@type":"PropertyValueSpecification","valueRequired":true,"valueName":"search_term_string"}}],"inLanguage":"de"}]}},"_links":{"self":[{"href":"https:\/\/rr-film.at\/index.php?rest_route=\/wp\/v2\/pages\/431","targetHints":{"allow":["GET"]}}],"collection":[{"href":"https:\/\/rr-film.at\/index.php?rest_route=\/wp\/v2\/pages"}],"about":[{"href":"https:\/\/rr-film.at\/index.php?rest_route=\/wp\/v2\/types\/page"}],"author":[{"embeddable":true,"href":"https:\/\/rr-film.at\/index.php?rest_route=\/wp\/v2\/users\/2"}],"replies":[{"embeddable":true,"href":"https:\/\/rr-film.at\/index.php?rest_route=%2Fwp%2Fv2%2Fcomments&post=431"}],"version-history":[{"count":33,"href":"https:\/\/rr-film.at\/index.php?rest_route=\/wp\/v2\/pages\/431\/revisions"}],"predecessor-version":[{"id":1966,"href":"https:\/\/rr-film.at\/index.php?rest_route=\/wp\/v2\/pages\/431\/revisions\/1966"}],"up":[{"embeddable":true,"href":"https:\/\/rr-film.at\/index.php?rest_route=\/wp\/v2\/pages\/418"}],"wp:featuredmedia":[{"embeddable":true,"href":"https:\/\/rr-film.at\/index.php?rest_route=\/wp\/v2\/media\/1204"}],"wp:attachment":[{"href":"https:\/\/rr-film.at\/index.php?rest_route=%2Fwp%2Fv2%2Fmedia&parent=431"}],"curies":[{"name":"wp","href":"https:\/\/api.w.org\/{rel}","templated":true}]}}